{"id":5693,"date":"2024-05-14T16:16:50","date_gmt":"2024-05-14T14:16:50","guid":{"rendered":"https:\/\/filarmonicafaidese.ch\/faido2024\/?page_id=5693"},"modified":"2024-05-24T19:04:45","modified_gmt":"2024-05-24T17:04:45","slug":"parlano-di-noi","status":"publish","type":"page","link":"https:\/\/filarmonicafaidese.ch\/faido2024\/parlano-di-noi\/","title":{"rendered":"Parlano di noi"},"content":{"rendered":"\t\t<div data-elementor-type=\"wp-page\" data-elementor-id=\"5693\" class=\"elementor elementor-5693\" data-elementor-post-type=\"page\">\n\t\t\t\t\t\t<section class=\"elementor-section elementor-top-section elementor-element elementor-element-f7be662 elementor-section-boxed elementor-section-height-default elementor-section-height-default\" data-id=\"f7be662\" data-element_type=\"section\" data-e-type=\"section\">\n\t\t\t\t\t\t<div class=\"elementor-container elementor-column-gap-default\">\n\t\t\t\t\t<div class=\"elementor-column elementor-col-100 elementor-top-column elementor-element elementor-element-ecd6fa8\" data-id=\"ecd6fa8\" data-element_type=\"column\" data-e-type=\"column\">\n\t\t\t<div class=\"elementor-widget-wrap elementor-element-populated\">\n\t\t\t\t\t\t<div class=\"elementor-element elementor-element-2f67766 elementor-widget elementor-widget-heading\" data-id=\"2f67766\" data-element_type=\"widget\" data-e-type=\"widget\" data-widget_type=\"heading.default\">\n\t\t\t\t<div class=\"elementor-widget-container\">\n\t\t\t\t\t<h1 class=\"elementor-heading-title elementor-size-default\">PARLANO DI NOI<\/h1>\t\t\t\t<\/div>\n\t\t\t\t<\/div>\n\t\t\t\t<div class=\"elementor-element elementor-element-da150a3 elementor-widget-divider--view-line elementor-widget elementor-widget-divider\" data-id=\"da150a3\" data-element_type=\"widget\" data-e-type=\"widget\" data-widget_type=\"divider.default\">\n\t\t\t\t<div class=\"elementor-widget-container\">\n\t\t\t\t\t\t\t<div class=\"elementor-divider\">\n\t\t\t<span class=\"elementor-divider-separator\">\n\t\t\t\t\t\t<\/span>\n\t\t<\/div>\n\t\t\t\t\t\t<\/div>\n\t\t\t\t<\/div>\n\t\t\t\t\t<\/div>\n\t\t<\/div>\n\t\t\t\t\t<\/div>\n\t\t<\/section>\n\t\t<div class=\"elementor-element elementor-element-de2f4d5 e-flex e-con-boxed e-con e-parent\" data-id=\"de2f4d5\" data-element_type=\"container\" data-e-type=\"container\">\n\t\t\t\t\t<div class=\"e-con-inner\">\n\t\t\t\t<div class=\"elementor-element elementor-element-0056be6 elementor-widget elementor-widget-naevents_unique_schedule_list\" data-id=\"0056be6\" data-element_type=\"widget\" data-e-type=\"widget\" data-widget_type=\"naevents_unique_schedule_list.default\">\n\t\t\t\t<div class=\"elementor-widget-container\">\n\t\t\t\t\t<div class=\"naeep-schedule-wrap\"><div class=\"naeep-schedule-list\">\n\t\t\t\t  \t\t\t\t\t\t\t\n\t\t\t\t  \t\t\t\t\t\t\t<div class=\"col-na-row align-items-center\">\n\t\t\t\t\t  \t\t\t\t\t\t\t<div class=\"col-na-2\"><div class=\"schedule-image\"><div class=\"naeep-image\"><img decoding=\"async\" src=\"https:\/\/filarmonicafaidese.ch\/faido2024\/wp-content\/uploads\/2024\/05\/ABS.png\" alt=\"Faido2024 \u00e8 alle porte!\"><\/div><\/div><\/div>\n\t\t\t\t\t  \t\t\t\t\t\t\t<div class=\"col-na-10\"><div class=\"schedule-content\">\n\t\t\t\t\t  \t\t\t\t\t\t\t<ul><li><i class=\"far fa-calendar-alt\"><\/i> 03.2024<\/li><li><i class=\"far fa-address-card\"><\/i> Rivista Unisono<\/li><\/ul>\n\t\t\t\t\t  \t\t\t\t\t\t\t<h3>Faido2024 \u00e8 alle porte!<\/h3><p>La Filarmonica Faidese ospiter\u00e0 la Festa cantonale della musica 2024<\/p><div class=\"naeep-link-wrap\"><a href=\"https:\/\/filarmonicafaidese.ch\/faido2024\/wp-content\/uploads\/2024\/05\/Unisono_2024_03_Low-Res-Interactive-pag17.pdf\" target=\"_blank\"  class=\"naeep-link\">Leggi...<\/a><\/div><\/div><\/div>\n\t\t\t\t  \t\t\t\t\t\t\t<\/div>\n\t\t\t\t\t\t\t\t\t    <\/div><div class=\"naeep-schedule-list\">\n\t\t\t\t  \t\t\t\t\t\t\t\n\t\t\t\t  \t\t\t\t\t\t\t<div class=\"col-na-row align-items-center\">\n\t\t\t\t\t  \t\t\t\t\t\t\t<div class=\"col-na-2\"><div class=\"schedule-image\"><div class=\"naeep-image\"><img decoding=\"async\" src=\"https:\/\/filarmonicafaidese.ch\/faido2024\/wp-content\/uploads\/2024\/05\/RSI-2.png\" alt=\"RSI media partner\"><\/div><\/div><\/div>\n\t\t\t\t\t  \t\t\t\t\t\t\t<div class=\"col-na-10\"><div class=\"schedule-content\">\n\t\t\t\t\t  \t\t\t\t\t\t\t<ul><li><i class=\"far fa-calendar-alt\"><\/i> 05.2024<\/li><li><i class=\"far fa-address-card\"><\/i> RSI<\/li><\/ul>\n\t\t\t\t\t  \t\t\t\t\t\t\t<h3>RSI media partner<\/h3><p>RSI \u00e8 Media Partner dell\u2019evento bandistico a Faido<\/p><div class=\"naeep-link-wrap\"><a href=\"https:\/\/www.rsi.ch\/eventi\/Festa-cantonale-della-Musica--2130045.html\" target=\"_blank\"  class=\"naeep-link\">Leggi...<\/a><\/div><\/div><\/div>\n\t\t\t\t  \t\t\t\t\t\t\t<\/div>\n\t\t\t\t\t\t\t\t\t    <\/div><div class=\"naeep-schedule-list\">\n\t\t\t\t  \t\t\t\t\t\t\t\n\t\t\t\t  \t\t\t\t\t\t\t<div class=\"col-na-row align-items-center\">\n\t\t\t\t\t  \t\t\t\t\t\t\t<div class=\"col-na-2\"><div class=\"schedule-image\"><div class=\"naeep-image\"><img decoding=\"async\" src=\"https:\/\/filarmonicafaidese.ch\/faido2024\/wp-content\/uploads\/2024\/05\/ABS.png\" alt=\"Faido2024 alla radio\"><\/div><\/div><\/div>\n\t\t\t\t\t  \t\t\t\t\t\t\t<div class=\"col-na-10\"><div class=\"schedule-content\">\n\t\t\t\t\t  \t\t\t\t\t\t\t<ul><li><i class=\"far fa-calendar-alt\"><\/i> 10.05.2024<\/li><li><i class=\"far fa-address-card\"><\/i> Rivista Unisono<\/li><\/ul>\n\t\t\t\t\t  \t\t\t\t\t\t\t<h3>Faido2024 alla radio<\/h3><p>la Radiotelevisione svizzera di lingua italiana (RSI) seguir\u00e0 da vicino la Festa cantonale della musica di Faido.<\/p><div class=\"naeep-link-wrap\"><a href=\"https:\/\/unisono.windband.ch\/it\/faido2024-alla-radio\/\" target=\"_blank\"  class=\"naeep-link\">Leggi...<\/a><\/div><\/div><\/div>\n\t\t\t\t  \t\t\t\t\t\t\t<\/div>\n\t\t\t\t\t\t\t\t\t    <\/div><div class=\"naeep-schedule-list\">\n\t\t\t\t  \t\t\t\t\t\t\t\n\t\t\t\t  \t\t\t\t\t\t\t<div class=\"col-na-row align-items-center\">\n\t\t\t\t\t  \t\t\t\t\t\t\t<div class=\"col-na-2\"><div class=\"schedule-image\"><div class=\"naeep-image\"><img decoding=\"async\" src=\"https:\/\/filarmonicafaidese.ch\/faido2024\/wp-content\/uploads\/2024\/05\/RSI-2.png\" alt=\"Trasmissione RSI Domenica\"><\/div><\/div><\/div>\n\t\t\t\t\t  \t\t\t\t\t\t\t<div class=\"col-na-10\"><div class=\"schedule-content\">\n\t\t\t\t\t  \t\t\t\t\t\t\t<ul><li><i class=\"far fa-calendar-alt\"><\/i> 12.05.2024<\/li><li><i class=\"far fa-address-card\"><\/i> RSI<\/li><\/ul>\n\t\t\t\t\t  \t\t\t\t\t\t\t<h3>Trasmissione RSI Domenica<\/h3><p>Ospite della trasmissione la presidentessa del comtato organizzativo Luana Menoud Baldi (dal minuto 58:58)<\/p><div class=\"naeep-link-wrap\"><a href=\"https:\/\/www.rsi.ch\/play\/tv\/domenica\/video\/domenica?urn=urn:rsi:video:2134927\" target=\"_blank\"  class=\"naeep-link\">Guarda...<\/a><\/div><\/div><\/div>\n\t\t\t\t  \t\t\t\t\t\t\t<\/div>\n\t\t\t\t\t\t\t\t\t    <\/div><div class=\"naeep-schedule-list\">\n\t\t\t\t  \t\t\t\t\t\t\t\n\t\t\t\t  \t\t\t\t\t\t\t<div class=\"col-na-row align-items-center\">\n\t\t\t\t\t  \t\t\t\t\t\t\t<div class=\"col-na-2\"><div class=\"schedule-image\"><div class=\"naeep-image\"><img decoding=\"async\" src=\"https:\/\/filarmonicafaidese.ch\/faido2024\/wp-content\/uploads\/2023\/02\/festa_cantonale_musica_faido24Artboard-1.png\" alt=\"Comunicato stampa\"><\/div><\/div><\/div>\n\t\t\t\t\t  \t\t\t\t\t\t\t<div class=\"col-na-10\"><div class=\"schedule-content\">\n\t\t\t\t\t  \t\t\t\t\t\t\t<ul><li><i class=\"far fa-calendar-alt\"><\/i> 13.05.2024<\/li><li><i class=\"far fa-address-card\"><\/i> Comitato FAIDO2024<\/li><\/ul>\n\t\t\t\t\t  \t\t\t\t\t\t\t<h3>Comunicato stampa<\/h3><p>Comunicato stampa del comitato organizzatore<\/p><div class=\"naeep-link-wrap\"><a href=\"https:\/\/filarmonicafaidese.ch\/faido2024\/wp-content\/uploads\/2024\/05\/20240513-Comunicato-Stampa-Faido2024.pdf\"   class=\"naeep-link\">Leggi...<\/a><\/div><\/div><\/div>\n\t\t\t\t  \t\t\t\t\t\t\t<\/div>\n\t\t\t\t\t\t\t\t\t    <\/div><div class=\"naeep-schedule-list\">\n\t\t\t\t  \t\t\t\t\t\t\t\n\t\t\t\t  \t\t\t\t\t\t\t<div class=\"col-na-row align-items-center\">\n\t\t\t\t\t  \t\t\t\t\t\t\t<div class=\"col-na-2\"><div class=\"schedule-image\"><div class=\"naeep-image\"><img decoding=\"async\" src=\"https:\/\/filarmonicafaidese.ch\/faido2024\/wp-content\/uploads\/2024\/05\/cdt-logo2.png\" alt=\"Ma che musica maestro\"><\/div><\/div><\/div>\n\t\t\t\t\t  \t\t\t\t\t\t\t<div class=\"col-na-10\"><div class=\"schedule-content\">\n\t\t\t\t\t  \t\t\t\t\t\t\t<ul><li><i class=\"far fa-calendar-alt\"><\/i> 13.05.2024<\/li><li><i class=\"far fa-address-card\"><\/i> CdT<\/li><\/ul>\n\t\t\t\t\t  \t\t\t\t\t\t\t<h3>Ma che musica maestro<\/h3><p>Faido, da venerd\u00ec 17 a luned\u00ec 20 maggio andr\u00e0 in scena la sesta Festa cantonale<\/p><div class=\"naeep-link-wrap\"><a href=\"https:\/\/www.cdt.ch\/news\/ticino\/ma-che-musica-maestro-352033\" target=\"_blank\"  class=\"naeep-link\">Leggi...<\/a><\/div><\/div><\/div>\n\t\t\t\t  \t\t\t\t\t\t\t<\/div>\n\t\t\t\t\t\t\t\t\t    <\/div><div class=\"naeep-schedule-list\">\n\t\t\t\t  \t\t\t\t\t\t\t\n\t\t\t\t  \t\t\t\t\t\t\t<div class=\"col-na-row align-items-center\">\n\t\t\t\t\t  \t\t\t\t\t\t\t<div class=\"col-na-2\"><div class=\"schedule-image\"><div class=\"naeep-image\"><img decoding=\"async\" src=\"https:\/\/filarmonicafaidese.ch\/faido2024\/wp-content\/uploads\/2024\/05\/LaRegione-logo-2.png\" alt=\"Per quattro giorni Faido sar\u00e0 cittadella della musica bandistica\"><\/div><\/div><\/div>\n\t\t\t\t\t  \t\t\t\t\t\t\t<div class=\"col-na-10\"><div class=\"schedule-content\">\n\t\t\t\t\t  \t\t\t\t\t\t\t<ul><li><i class=\"far fa-calendar-alt\"><\/i> 14.05.2024<\/li><li><i class=\"far fa-address-card\"><\/i> La Regione<\/li><\/ul>\n\t\t\t\t\t  \t\t\t\t\t\t\t<h3>Per quattro giorni Faido sar\u00e0 cittadella della musica bandistica<\/h3><p>Vent'anni dopo il comune leventinese torna a ospitare la Festa cantonale.<\/p><div class=\"naeep-link-wrap\"><a href=\"https:\/\/www.laregione.ch\/cantone\/bellinzonese\/1754986\/musica\" target=\"_blank\"  class=\"naeep-link\">Leggi...<\/a><\/div><\/div><\/div>\n\t\t\t\t  \t\t\t\t\t\t\t<\/div>\n\t\t\t\t\t\t\t\t\t    <\/div><div class=\"naeep-schedule-list\">\n\t\t\t\t  \t\t\t\t\t\t\t\n\t\t\t\t  \t\t\t\t\t\t\t<div class=\"col-na-row align-items-center\">\n\t\t\t\t\t  \t\t\t\t\t\t\t<div class=\"col-na-2\"><div class=\"schedule-image\"><div class=\"naeep-image\"><img decoding=\"async\" src=\"https:\/\/filarmonicafaidese.ch\/faido2024\/wp-content\/uploads\/2024\/05\/cdt-logo2.png\" alt=\"Non \u00e8 pi\u00f9 lo &quot;schwyzer\u00f6rgeli&quot;, ma la musica \u00e8 sempre in festa\"><\/div><\/div><\/div>\n\t\t\t\t\t  \t\t\t\t\t\t\t<div class=\"col-na-10\"><div class=\"schedule-content\">\n\t\t\t\t\t  \t\t\t\t\t\t\t<ul><li><i class=\"far fa-calendar-alt\"><\/i> 14.05.2024<\/li><li><i class=\"far fa-address-card\"><\/i> CdT<\/li><\/ul>\n\t\t\t\t\t  \t\t\t\t\t\t\t<h3>Non \u00e8 pi\u00f9 lo &quot;schwyzer\u00f6rgeli&quot;, ma la musica \u00e8 sempre in festa<\/h3><p>La nostra regione torna a ospitare un appuntamento di prestigio dopo il successo dell'evento bellinzonese.<\/p><div class=\"naeep-link-wrap\"><a href=\"https:\/\/avenue.argusdatainsights.ch\/Article\/AvenuePDFClip?artikelHash=cbf0dbff15d54e9eb3f07d82496b51de_908695C26DC4BFDF131E7A9E6355F34E&#038;artikelDateiId=409413709\" target=\"_blank\"  class=\"naeep-link\">Leggi...<\/a><\/div><\/div><\/div>\n\t\t\t\t  \t\t\t\t\t\t\t<\/div>\n\t\t\t\t\t\t\t\t\t    <\/div><div class=\"naeep-schedule-list\">\n\t\t\t\t  \t\t\t\t\t\t\t\n\t\t\t\t  \t\t\t\t\t\t\t<div class=\"col-na-row align-items-center\">\n\t\t\t\t\t  \t\t\t\t\t\t\t<div class=\"col-na-2\"><div class=\"schedule-image\"><div class=\"naeep-image\"><img decoding=\"async\" src=\"https:\/\/filarmonicafaidese.ch\/faido2024\/wp-content\/uploads\/2024\/05\/Cooperazione-logo.jpg\" alt=\"Festa Cantonale della Musica\"><\/div><\/div><\/div>\n\t\t\t\t\t  \t\t\t\t\t\t\t<div class=\"col-na-10\"><div class=\"schedule-content\">\n\t\t\t\t\t  \t\t\t\t\t\t\t<ul><li><i class=\"far fa-calendar-alt\"><\/i> 14.05.2024<\/li><li><i class=\"far fa-address-card\"><\/i> Cooperazione<\/li><\/ul>\n\t\t\t\t\t  \t\t\t\t\t\t\t<h3>Festa Cantonale della Musica<\/h3><p>Uninsieme di oltre1500suonatori, circondati da un pubblico appassionato, dar\u00e0vita aunevento indimenticabile.<\/p><div class=\"naeep-link-wrap\"><a href=\"https:\/\/filarmonicafaidese.ch\/faido2024\/wp-content\/uploads\/2024\/05\/20240514-Cooperazione.pdf\" target=\"_blank\"  class=\"naeep-link\">Leggi...<\/a><\/div><\/div><\/div>\n\t\t\t\t  \t\t\t\t\t\t\t<\/div>\n\t\t\t\t\t\t\t\t\t    <\/div><div class=\"naeep-schedule-list\">\n\t\t\t\t  \t\t\t\t\t\t\t\n\t\t\t\t  \t\t\t\t\t\t\t<div class=\"col-na-row align-items-center\">\n\t\t\t\t\t  \t\t\t\t\t\t\t<div class=\"col-na-2\"><div class=\"schedule-image\"><div class=\"naeep-image\"><img decoding=\"async\" src=\"https:\/\/filarmonicafaidese.ch\/faido2024\/wp-content\/uploads\/2024\/05\/Banner_fattoreETC_grigio-e-blog-eticinforma-definitivo-1.jpg\" alt=\"La 6a Festa Cantonale della Musica si svolger\u00e0 a Faido\"><\/div><\/div><\/div>\n\t\t\t\t\t  \t\t\t\t\t\t\t<div class=\"col-na-10\"><div class=\"schedule-content\">\n\t\t\t\t\t  \t\t\t\t\t\t\t<ul><li><i class=\"far fa-calendar-alt\"><\/i> 14.05.2024<\/li><li><i class=\"far fa-address-card\"><\/i> ETiCinforma<\/li><\/ul>\n\t\t\t\t\t  \t\t\t\t\t\t\t<h3>La 6a Festa Cantonale della Musica si svolger\u00e0 a Faido<\/h3><p>La 6a Festa Cantonale della Musica si svolger\u00e0 a Faido dal 17 al 20 maggio 2024<\/p><div class=\"naeep-link-wrap\"><a href=\"https:\/\/www.eticinforma.ch\/evento\/la-6a-festa-cantonale-della-musica-si-svolgera-a-faido-dal-17-al-20-maggio-2024\/?instance_id=11673\" target=\"_blank\"  class=\"naeep-link\">Leggi...<\/a><\/div><\/div><\/div>\n\t\t\t\t  \t\t\t\t\t\t\t<\/div>\n\t\t\t\t\t\t\t\t\t    <\/div><div class=\"naeep-schedule-list\">\n\t\t\t\t  \t\t\t\t\t\t\t\n\t\t\t\t  \t\t\t\t\t\t\t<div class=\"col-na-row align-items-center\">\n\t\t\t\t\t  \t\t\t\t\t\t\t<div class=\"col-na-2\"><div class=\"schedule-image\"><div class=\"naeep-image\"><img decoding=\"async\" src=\"https:\/\/filarmonicafaidese.ch\/faido2024\/wp-content\/uploads\/2024\/05\/SOB-logo-2.png\" alt=\"Festa Cantonale della Musica\"><\/div><\/div><\/div>\n\t\t\t\t\t  \t\t\t\t\t\t\t<div class=\"col-na-10\"><div class=\"schedule-content\">\n\t\t\t\t\t  \t\t\t\t\t\t\t<ul><li><i class=\"far fa-calendar-alt\"><\/i> 17.05.2024<\/li><li><i class=\"far fa-address-card\"><\/i> SOB<\/li><\/ul>\n\t\t\t\t\t  \t\t\t\t\t\t\t<h3>Festa Cantonale della Musica<\/h3><p>Faido sar\u00e0 la capitale della musica per 4 giorni di festa.<\/p><div class=\"naeep-link-wrap\"><a href=\"https:\/\/unterwegs.sob.ch\/it\/products\/festa-cantonale-della-musica\" target=\"_blank\"  class=\"naeep-link\">Leggi...<\/a><\/div><\/div><\/div>\n\t\t\t\t  \t\t\t\t\t\t\t<\/div>\n\t\t\t\t\t\t\t\t\t    <\/div><div class=\"naeep-schedule-list\">\n\t\t\t\t  \t\t\t\t\t\t\t\n\t\t\t\t  \t\t\t\t\t\t\t<div class=\"col-na-row align-items-center\">\n\t\t\t\t\t  \t\t\t\t\t\t\t<div class=\"col-na-2\"><div class=\"schedule-image\"><div class=\"naeep-image\"><img decoding=\"async\" src=\"https:\/\/filarmonicafaidese.ch\/faido2024\/wp-content\/uploads\/2024\/05\/RSI-2.png\" alt=\"Faido2024\"><\/div><\/div><\/div>\n\t\t\t\t\t  \t\t\t\t\t\t\t<div class=\"col-na-10\"><div class=\"schedule-content\">\n\t\t\t\t\t  \t\t\t\t\t\t\t<ul><li><i class=\"far fa-calendar-alt\"><\/i> 17.05.2024<\/li><li><i class=\"far fa-address-card\"><\/i> RSI<\/li><\/ul>\n\t\t\t\t\t  \t\t\t\t\t\t\t<h3>Faido2024<\/h3><p>La Sesta Festa Cantonale della Musica \u00e8 alle porte<\/p><div class=\"naeep-link-wrap\"><a href=\"https:\/\/www.rsi.ch\/cultura\/musica\/notizie\/Faido-2024--2151487.html\" target=\"_blank\"  class=\"naeep-link\">Leggi...<\/a><\/div><\/div><\/div>\n\t\t\t\t  \t\t\t\t\t\t\t<\/div>\n\t\t\t\t\t\t\t\t\t    <\/div><div class=\"naeep-schedule-list\">\n\t\t\t\t  \t\t\t\t\t\t\t\n\t\t\t\t  \t\t\t\t\t\t\t<div class=\"col-na-row align-items-center\">\n\t\t\t\t\t  \t\t\t\t\t\t\t<div class=\"col-na-2\"><div class=\"schedule-image\"><div class=\"naeep-image\"><img decoding=\"async\" src=\"https:\/\/filarmonicafaidese.ch\/faido2024\/wp-content\/uploads\/2024\/05\/RSI-2.png\" alt=\"RSI - Siamo Fuori\"><\/div><\/div><\/div>\n\t\t\t\t\t  \t\t\t\t\t\t\t<div class=\"col-na-10\"><div class=\"schedule-content\">\n\t\t\t\t\t  \t\t\t\t\t\t\t<ul><li><i class=\"far fa-calendar-alt\"><\/i> 17.05.2024<\/li><li><i class=\"far fa-address-card\"><\/i> RSI<\/li><\/ul>\n\t\t\t\t\t  \t\t\t\t\t\t\t<h3>RSI - Siamo Fuori<\/h3><p>Per l'occasione la trasmissione si \u00e8 svolta nell'Oasi della Musica di Faido2024<\/p><div class=\"naeep-link-wrap\"><a href=\"https:\/\/www.rsi.ch\/play\/tv\/siamo-fuori\/video\/siamo-fuori-a-faido?urn=urn:rsi:video:2137745\" target=\"_blank\"  class=\"naeep-link\">Guarda...<\/a><\/div><\/div><\/div>\n\t\t\t\t  \t\t\t\t\t\t\t<\/div>\n\t\t\t\t\t\t\t\t\t    <\/div><div class=\"naeep-schedule-list\">\n\t\t\t\t  \t\t\t\t\t\t\t\n\t\t\t\t  \t\t\t\t\t\t\t<div class=\"col-na-row align-items-center\">\n\t\t\t\t\t  \t\t\t\t\t\t\t<div class=\"col-na-2\"><div class=\"schedule-image\"><div class=\"naeep-image\"><img decoding=\"async\" src=\"https:\/\/filarmonicafaidese.ch\/faido2024\/wp-content\/uploads\/2024\/05\/RSI-2.png\" alt=\"RSI - La domenica popolare\"><\/div><\/div><\/div>\n\t\t\t\t\t  \t\t\t\t\t\t\t<div class=\"col-na-10\"><div class=\"schedule-content\">\n\t\t\t\t\t  \t\t\t\t\t\t\t<ul><li><i class=\"far fa-calendar-alt\"><\/i> 19.05.2024<\/li><li><i class=\"far fa-address-card\"><\/i> RSI<\/li><\/ul>\n\t\t\t\t\t  \t\t\t\t\t\t\t<h3>RSI - La domenica popolare<\/h3><p>Registrazione completa del programma trasmesso per l'occasione in diretta dall'Oasi della Musica <\/p><div class=\"naeep-link-wrap\"><a href=\"https:\/\/www.rsi.ch\/rete-uno\/programmi\/intrattenimento\/la-domenica-popolare\/Festa-Cantonale-della-Musica--2127242.html\" target=\"_blank\"  class=\"naeep-link\">Ascolta...<\/a><\/div><\/div><\/div>\n\t\t\t\t  \t\t\t\t\t\t\t<\/div>\n\t\t\t\t\t\t\t\t\t    <\/div><div class=\"naeep-schedule-list\">\n\t\t\t\t  \t\t\t\t\t\t\t\n\t\t\t\t  \t\t\t\t\t\t\t<div class=\"col-na-row align-items-center\">\n\t\t\t\t\t  \t\t\t\t\t\t\t<div class=\"col-na-2\"><div class=\"schedule-image\"><div class=\"naeep-image\"><img decoding=\"async\" src=\"https:\/\/filarmonicafaidese.ch\/faido2024\/wp-content\/uploads\/2024\/05\/RSI-2.png\" alt=\"RSI - Il Quotidiano\"><\/div><\/div><\/div>\n\t\t\t\t\t  \t\t\t\t\t\t\t<div class=\"col-na-10\"><div class=\"schedule-content\">\n\t\t\t\t\t  \t\t\t\t\t\t\t<ul><li><i class=\"far fa-calendar-alt\"><\/i> 19.05.2024<\/li><li><i class=\"far fa-address-card\"><\/i> RSI<\/li><\/ul>\n\t\t\t\t\t  \t\t\t\t\t\t\t<h3>RSI - Il Quotidiano<\/h3><p>Msica bandistica in festa a Faido<\/p><div class=\"naeep-link-wrap\"><a href=\"https:\/\/www.rsi.ch\/play\/tv\/il-quotidiano\/video\/musica-bandistica-in-festa-a-faido?urn=urn:rsi:video:2152911\" target=\"_blank\"  class=\"naeep-link\">Guarda...<\/a><\/div><\/div><\/div>\n\t\t\t\t  \t\t\t\t\t\t\t<\/div>\n\t\t\t\t\t\t\t\t\t    <\/div><div class=\"naeep-schedule-list\">\n\t\t\t\t  \t\t\t\t\t\t\t\n\t\t\t\t  \t\t\t\t\t\t\t<div class=\"col-na-row align-items-center\">\n\t\t\t\t\t  \t\t\t\t\t\t\t<div class=\"col-na-2\"><div class=\"schedule-image\"><div class=\"naeep-image\"><img decoding=\"async\" src=\"https:\/\/filarmonicafaidese.ch\/faido2024\/wp-content\/uploads\/2024\/05\/RSI-2.png\" alt=\"RSI - Seidisera\"><\/div><\/div><\/div>\n\t\t\t\t\t  \t\t\t\t\t\t\t<div class=\"col-na-10\"><div class=\"schedule-content\">\n\t\t\t\t\t  \t\t\t\t\t\t\t<ul><li><i class=\"far fa-calendar-alt\"><\/i> 20.05.2024<\/li><li><i class=\"far fa-address-card\"><\/i> RSI<\/li><\/ul>\n\t\t\t\t\t  \t\t\t\t\t\t\t<h3>RSI - Seidisera<\/h3><p>Servizio con interviste a partire dal minuto 27:02<\/p><div class=\"naeep-link-wrap\"><a href=\"https:\/\/www.rsi.ch\/rete-uno\/programmi\/informazione\/seidisera\/SEIDISERA--2129154.html\" target=\"_blank\"  class=\"naeep-link\">Ascolta...<\/a><\/div><\/div><\/div>\n\t\t\t\t  \t\t\t\t\t\t\t<\/div>\n\t\t\t\t\t\t\t\t\t    <\/div><div class=\"naeep-schedule-list\">\n\t\t\t\t  \t\t\t\t\t\t\t\n\t\t\t\t  \t\t\t\t\t\t\t<div class=\"col-na-row align-items-center\">\n\t\t\t\t\t  \t\t\t\t\t\t\t<div class=\"col-na-2\"><div class=\"schedule-image\"><div class=\"naeep-image\"><img decoding=\"async\" src=\"https:\/\/filarmonicafaidese.ch\/faido2024\/wp-content\/uploads\/2024\/05\/Banner_fattoreETC_grigio-e-blog-eticinforma-definitivo-1.jpg\" alt=\"Un&#039;esplosione di musica a Faido\"><\/div><\/div><\/div>\n\t\t\t\t\t  \t\t\t\t\t\t\t<div class=\"col-na-10\"><div class=\"schedule-content\">\n\t\t\t\t\t  \t\t\t\t\t\t\t<ul><li><i class=\"far fa-calendar-alt\"><\/i> 23.05.2024<\/li><li><i class=\"far fa-address-card\"><\/i> ETiCinforma<\/li><\/ul>\n\t\t\t\t\t  \t\t\t\t\t\t\t<h3>Un&#039;esplosione di musica a Faido<\/h3><p>\n6a Festa Cantonale della Musica Ticinese \u2013 Un\u2019esplosione di musica a Faido\n<\/p><div class=\"naeep-link-wrap\"><a href=\"https:\/\/www.eticinforma.ch\/6a-festa-cantonale-della-musica-ticinese-unesplosione-di-musica-a-faido\/\" target=\"_blank\"  class=\"naeep-link\">Leggi...<\/a><\/div><\/div><\/div>\n\t\t\t\t  \t\t\t\t\t\t\t<\/div>\n\t\t\t\t\t\t\t\t\t    <\/div><div class=\"naeep-schedule-list\">\n\t\t\t\t  \t\t\t\t\t\t\t\n\t\t\t\t  \t\t\t\t\t\t\t<div class=\"col-na-row align-items-center\">\n\t\t\t\t\t  \t\t\t\t\t\t\t<div class=\"col-na-2\"><div class=\"schedule-image\"><div class=\"naeep-image\"><img decoding=\"async\" src=\"https:\/\/filarmonicafaidese.ch\/faido2024\/wp-content\/uploads\/2024\/05\/LaRegione-logo-2.png\" alt=\"Successo per la Festa cantonale della musica a Faido\"><\/div><\/div><\/div>\n\t\t\t\t\t  \t\t\t\t\t\t\t<div class=\"col-na-10\"><div class=\"schedule-content\">\n\t\t\t\t\t  \t\t\t\t\t\t\t<ul><li><i class=\"far fa-calendar-alt\"><\/i> 24.05.2024<\/li><li><i class=\"far fa-address-card\"><\/i> La Regione<\/li><\/ul>\n\t\t\t\t\t  \t\t\t\t\t\t\t<h3>Successo per la Festa cantonale della musica a Faido<\/h3><p>Premiate nelle rispettive categorie la Civica filarmonica di Bellinzona, la Filarmonica brissaghese e Collina d\u2019Oro musica. Registrati 4\u2019500 visitatori<\/p><div class=\"naeep-link-wrap\"><a href=\"https:\/\/www.laregione.ch\/cantone\/bellinzonese\/1757743\/musica-filarmonica-faido-festa-categoria-bellinzona-successo\" target=\"_blank\"  class=\"naeep-link\">Leggi...<\/a><\/div><\/div><\/div>\n\t\t\t\t  \t\t\t\t\t\t\t<\/div>\n\t\t\t\t\t\t\t\t\t    <\/div><\/div>\t\t\t\t<\/div>\n\t\t\t\t<\/div>\n\t\t\t\t\t<\/div>\n\t\t\t\t<\/div>\n\t\t\t\t<\/div>\n\t\t","protected":false},"excerpt":{"rendered":"<p>PARLANO DI NOI 03.2024 Rivista Unisono Faido2024 \u00e8 alle porte! La Filarmonica Faidese ospiter\u00e0 la Festa cantonale della musica 2024 Leggi&#8230; 05.2024 RSI RSI media partner RSI \u00e8 Media Partner dell\u2019evento bandistico a Faido Leggi&#8230; 10.05.2024 Rivista Unisono Faido2024 alla radio la Radiotelevisione svizzera di lingua italiana (RSI) seguir\u00e0 da vicino la Festa cantonale della musica di Faido. Leggi&#8230; 12.05.2024&#8230;<\/p>\n","protected":false},"author":1,"featured_media":0,"parent":0,"menu_order":0,"comment_status":"closed","ping_status":"closed","template":"page-templates\/full-width-container.php","meta":{"_acf_changed":false,"footnotes":""},"class_list":["post-5693","page","type-page","status-publish","hentry"],"acf":[],"_links":{"self":[{"href":"https:\/\/filarmonicafaidese.ch\/faido2024\/wp-json\/wp\/v2\/pages\/5693","targetHints":{"allow":["GET"]}}],"collection":[{"href":"https:\/\/filarmonicafaidese.ch\/faido2024\/wp-json\/wp\/v2\/pages"}],"about":[{"href":"https:\/\/filarmonicafaidese.ch\/faido2024\/wp-json\/wp\/v2\/types\/page"}],"author":[{"embeddable":true,"href":"https:\/\/filarmonicafaidese.ch\/faido2024\/wp-json\/wp\/v2\/users\/1"}],"replies":[{"embeddable":true,"href":"https:\/\/filarmonicafaidese.ch\/faido2024\/wp-json\/wp\/v2\/comments?post=5693"}],"version-history":[{"count":82,"href":"https:\/\/filarmonicafaidese.ch\/faido2024\/wp-json\/wp\/v2\/pages\/5693\/revisions"}],"predecessor-version":[{"id":6421,"href":"https:\/\/filarmonicafaidese.ch\/faido2024\/wp-json\/wp\/v2\/pages\/5693\/revisions\/6421"}],"wp:attachment":[{"href":"https:\/\/filarmonicafaidese.ch\/faido2024\/wp-json\/wp\/v2\/media?parent=5693"}],"curies":[{"name":"wp","href":"https:\/\/api.w.org\/{rel}","templated":true}]}}