{"id":5069,"date":"2024-05-02T11:08:43","date_gmt":"2024-05-02T09:08:43","guid":{"rendered":"https:\/\/filarmonicafaidese.ch\/faido2024\/?page_id=5069"},"modified":"2024-05-02T20:52:13","modified_gmt":"2024-05-02T18:52:13","slug":"presentazione-giuria","status":"publish","type":"page","link":"https:\/\/filarmonicafaidese.ch\/faido2024\/presentazione-giuria\/","title":{"rendered":"Presentazione giuria"},"content":{"rendered":"\t\t<div data-elementor-type=\"wp-page\" data-elementor-id=\"5069\" class=\"elementor elementor-5069\" data-elementor-post-type=\"page\">\n\t\t\t\t\t\t<section class=\"elementor-section elementor-top-section elementor-element elementor-element-ea8d724 elementor-section-boxed elementor-section-height-default elementor-section-height-default\" data-id=\"ea8d724\" data-element_type=\"section\" data-e-type=\"section\">\n\t\t\t\t\t\t<div class=\"elementor-container elementor-column-gap-default\">\n\t\t\t\t\t<div class=\"elementor-column elementor-col-100 elementor-top-column elementor-element elementor-element-d7633db\" data-id=\"d7633db\" data-element_type=\"column\" data-e-type=\"column\">\n\t\t\t<div class=\"elementor-widget-wrap elementor-element-populated\">\n\t\t\t\t\t\t<div class=\"elementor-element elementor-element-1eb4144 elementor-widget elementor-widget-heading\" data-id=\"1eb4144\" data-element_type=\"widget\" data-e-type=\"widget\" data-widget_type=\"heading.default\">\n\t\t\t\t<div class=\"elementor-widget-container\">\n\t\t\t\t\t<h2 class=\"elementor-heading-title elementor-size-default\">MEMBRI DELLA GIURIA<\/h2>\t\t\t\t<\/div>\n\t\t\t\t<\/div>\n\t\t\t\t\t<\/div>\n\t\t<\/div>\n\t\t\t\t\t<\/div>\n\t\t<\/section>\n\t\t\t\t<section class=\"elementor-section elementor-top-section elementor-element elementor-element-535097e elementor-section-boxed elementor-section-height-default elementor-section-height-default\" data-id=\"535097e\" data-element_type=\"section\" data-e-type=\"section\">\n\t\t\t\t\t\t<div class=\"elementor-container elementor-column-gap-default\">\n\t\t\t\t\t<div class=\"elementor-column elementor-col-100 elementor-top-column elementor-element elementor-element-29ce21a\" data-id=\"29ce21a\" data-element_type=\"column\" data-e-type=\"column\">\n\t\t\t<div class=\"elementor-widget-wrap elementor-element-populated\">\n\t\t\t\t\t\t<div class=\"elementor-element elementor-element-8e164be elementor-widget elementor-widget-heading\" data-id=\"8e164be\" data-element_type=\"widget\" data-e-type=\"widget\" data-widget_type=\"heading.default\">\n\t\t\t\t<div class=\"elementor-widget-container\">\n\t\t\t\t\t<h2 class=\"elementor-heading-title elementor-size-default\">In questa pagina vi presentiamo i membri della giuria della 6a Festa Cantonale della Musica. Essi vantano un'ampia esperienza internazionale, cosa che ci rende molto fieri.<\/h2>\t\t\t\t<\/div>\n\t\t\t\t<\/div>\n\t\t\t\t\t<\/div>\n\t\t<\/div>\n\t\t\t\t\t<\/div>\n\t\t<\/section>\n\t\t\t\t<section class=\"elementor-section elementor-top-section elementor-element elementor-element-4ef515e elementor-section-boxed elementor-section-height-default elementor-section-height-default\" data-id=\"4ef515e\" data-element_type=\"section\" data-e-type=\"section\">\n\t\t\t\t\t\t<div class=\"elementor-container elementor-column-gap-default\">\n\t\t\t\t\t<div class=\"elementor-column elementor-col-100 elementor-top-column elementor-element elementor-element-b1b2bd2\" data-id=\"b1b2bd2\" data-element_type=\"column\" data-e-type=\"column\">\n\t\t\t<div class=\"elementor-widget-wrap elementor-element-populated\">\n\t\t\t\t\t\t<div class=\"elementor-element elementor-element-2d8a93a elementor-widget-divider--view-line elementor-widget elementor-widget-divider\" data-id=\"2d8a93a\" data-element_type=\"widget\" data-e-type=\"widget\" data-widget_type=\"divider.default\">\n\t\t\t\t<div class=\"elementor-widget-container\">\n\t\t\t\t\t\t\t<div class=\"elementor-divider\">\n\t\t\t<span class=\"elementor-divider-separator\">\n\t\t\t\t\t\t<\/span>\n\t\t<\/div>\n\t\t\t\t\t\t<\/div>\n\t\t\t\t<\/div>\n\t\t\t\t\t<\/div>\n\t\t<\/div>\n\t\t\t\t\t<\/div>\n\t\t<\/section>\n\t\t\t\t<section class=\"elementor-section elementor-top-section elementor-element elementor-element-84c9bed elementor-section-boxed elementor-section-height-default elementor-section-height-default\" data-id=\"84c9bed\" data-element_type=\"section\" data-e-type=\"section\">\n\t\t\t\t\t\t<div class=\"elementor-container elementor-column-gap-default\">\n\t\t\t\t\t<div class=\"elementor-column elementor-col-100 elementor-top-column elementor-element elementor-element-644817e\" data-id=\"644817e\" data-element_type=\"column\" data-e-type=\"column\">\n\t\t\t<div class=\"elementor-widget-wrap elementor-element-populated\">\n\t\t\t\t\t\t<div class=\"elementor-element elementor-element-548dd96 elementor-widget elementor-widget-heading\" data-id=\"548dd96\" data-element_type=\"widget\" data-e-type=\"widget\" data-widget_type=\"heading.default\">\n\t\t\t\t<div class=\"elementor-widget-container\">\n\t\t\t\t\t<h2 class=\"elementor-heading-title elementor-size-default\">FELIX HAUSWIRTH - Presidente della giuria<\/h2>\t\t\t\t<\/div>\n\t\t\t\t<\/div>\n\t\t\t\t\t<\/div>\n\t\t<\/div>\n\t\t\t\t\t<\/div>\n\t\t<\/section>\n\t\t\t\t<section class=\"elementor-section elementor-top-section elementor-element elementor-element-e1a84c1 elementor-section-boxed elementor-section-height-default elementor-section-height-default\" data-id=\"e1a84c1\" data-element_type=\"section\" data-e-type=\"section\">\n\t\t\t\t\t\t<div class=\"elementor-container elementor-column-gap-default\">\n\t\t\t\t\t<div class=\"elementor-column elementor-col-100 elementor-top-column elementor-element elementor-element-32a0bed\" data-id=\"32a0bed\" data-element_type=\"column\" data-e-type=\"column\">\n\t\t\t<div class=\"elementor-widget-wrap elementor-element-populated\">\n\t\t\t\t\t\t<div class=\"elementor-element elementor-element-949f208 elementor-widget elementor-widget-image\" data-id=\"949f208\" data-element_type=\"widget\" data-e-type=\"widget\" data-widget_type=\"image.default\">\n\t\t\t\t<div class=\"elementor-widget-container\">\n\t\t\t\t\t\t\t\t\t\t\t\t\t\t\t\t<a href=\"https:\/\/filarmonicafaidese.ch\/faido2024\/wp-content\/uploads\/2024\/05\/Felix-Hauswirth.png\">\n\t\t\t\t\t\t\t<img fetchpriority=\"high\" decoding=\"async\" width=\"640\" height=\"433\" src=\"https:\/\/filarmonicafaidese.ch\/faido2024\/wp-content\/uploads\/2024\/05\/Felix-Hauswirth-768x520.png\" class=\"attachment-medium_large size-medium_large wp-image-5071\" alt=\"\" srcset=\"https:\/\/filarmonicafaidese.ch\/faido2024\/wp-content\/uploads\/2024\/05\/Felix-Hauswirth-768x520.png 768w, https:\/\/filarmonicafaidese.ch\/faido2024\/wp-content\/uploads\/2024\/05\/Felix-Hauswirth-300x203.png 300w, https:\/\/filarmonicafaidese.ch\/faido2024\/wp-content\/uploads\/2024\/05\/Felix-Hauswirth-1024x694.png 1024w, https:\/\/filarmonicafaidese.ch\/faido2024\/wp-content\/uploads\/2024\/05\/Felix-Hauswirth-1536x1041.png 1536w, https:\/\/filarmonicafaidese.ch\/faido2024\/wp-content\/uploads\/2024\/05\/Felix-Hauswirth.png 1886w\" sizes=\"(max-width: 640px) 100vw, 640px\" \/>\t\t\t\t\t\t\t\t<\/a>\n\t\t\t\t\t\t\t\t\t\t\t\t\t\t\t<\/div>\n\t\t\t\t<\/div>\n\t\t\t\t\t<\/div>\n\t\t<\/div>\n\t\t\t\t\t<\/div>\n\t\t<\/section>\n\t\t\t\t<section class=\"elementor-section elementor-top-section elementor-element elementor-element-808ce45 elementor-section-boxed elementor-section-height-default elementor-section-height-default\" data-id=\"808ce45\" data-element_type=\"section\" data-e-type=\"section\">\n\t\t\t\t\t\t<div class=\"elementor-container elementor-column-gap-default\">\n\t\t\t\t\t<div class=\"elementor-column elementor-col-100 elementor-top-column elementor-element elementor-element-264bd4e\" data-id=\"264bd4e\" data-element_type=\"column\" data-e-type=\"column\">\n\t\t\t<div class=\"elementor-widget-wrap elementor-element-populated\">\n\t\t\t\t\t\t<div class=\"elementor-element elementor-element-ba726b1 elementor-widget elementor-widget-heading\" data-id=\"ba726b1\" data-element_type=\"widget\" data-e-type=\"widget\" data-widget_type=\"heading.default\">\n\t\t\t\t<div class=\"elementor-widget-container\">\n\t\t\t\t\t<h2 class=\"elementor-heading-title elementor-size-default\">Felix Hauswirth ha conseguito la laurea in direzione d\u2018orchestra e teoria presso il Conservatorio di musica di Lucerna. Nel 1983 \u00e8 stato professore ospite per un semestre presso l\u2018Universit\u00e0 del Michigan a Flint (USA). Nel 1985 \u00e8 stato nominato professore di direzione d\u2018orchestra al Conservatorio di Basilea, posizione che ha ricoperto fino al 2021. Nel 1983, Hauswirth ha fondato l\u2018Orchestra Giovanile di Fiati della Svizzera e ha diretto questo ensemble fino al 1993. Come direttore ospite e con i suoi ensemble, si \u00e8 esibito in diversi paesi in Europa, Asia, Sudafrica, Giappone, Australia e Sud America e in diversi luoghi negli Stati Uniti e in Canada. Ha diretto numerose registrazioni con diversi ensemble ricevendo consensi da direttori e compositori provenienti da Europa, Stati Uniti e Asia per i suoi CD. Come docente \u00e8 regolarmente invitato in tutto il mondo: Bundesakademie di Trossingen (Germania), Istituto Superiore Europeo Bandistico (I.S.E.B.) di Trento (Italia), Accademia Sibelius  di Helsinki (Finlandia). Direttore Artistico internazionalmente conosciuto, \u00e8 autore di numerosi libri, principalmente sulla direzione d\u2018orchestra e sulla letteratura per ensemble di fiati. Nel dicembre 2009 ha ricevuto a Chicago il \"Midwest Clinic International Award\" e alla XVII Conferenza WASBE nel 2017 a Utrecht (Olanda) \u00e8 stato premiato come Membro onorario a vita della World Association for Symphonic Bands and Ensembles  <font color=\"#ff0000\">\u25a0 <\/font><\/h2>\t\t\t\t<\/div>\n\t\t\t\t<\/div>\n\t\t\t\t\t<\/div>\n\t\t<\/div>\n\t\t\t\t\t<\/div>\n\t\t<\/section>\n\t\t\t\t<section class=\"elementor-section elementor-top-section elementor-element elementor-element-81434c0 elementor-section-boxed elementor-section-height-default elementor-section-height-default\" data-id=\"81434c0\" data-element_type=\"section\" data-e-type=\"section\" id=\"link-santilli\">\n\t\t\t\t\t\t<div class=\"elementor-container elementor-column-gap-default\">\n\t\t\t\t\t<div class=\"elementor-column elementor-col-100 elementor-top-column elementor-element elementor-element-7a1edc7\" data-id=\"7a1edc7\" data-element_type=\"column\" data-e-type=\"column\">\n\t\t\t<div class=\"elementor-widget-wrap elementor-element-populated\">\n\t\t\t\t\t\t<div class=\"elementor-element elementor-element-cf237a6 elementor-widget-divider--view-line elementor-widget elementor-widget-divider\" data-id=\"cf237a6\" data-element_type=\"widget\" data-e-type=\"widget\" data-widget_type=\"divider.default\">\n\t\t\t\t<div class=\"elementor-widget-container\">\n\t\t\t\t\t\t\t<div class=\"elementor-divider\">\n\t\t\t<span class=\"elementor-divider-separator\">\n\t\t\t\t\t\t<\/span>\n\t\t<\/div>\n\t\t\t\t\t\t<\/div>\n\t\t\t\t<\/div>\n\t\t\t\t\t<\/div>\n\t\t<\/div>\n\t\t\t\t\t<\/div>\n\t\t<\/section>\n\t\t\t\t<section class=\"elementor-section elementor-top-section elementor-element elementor-element-a30ccc3 elementor-section-boxed elementor-section-height-default elementor-section-height-default\" data-id=\"a30ccc3\" data-element_type=\"section\" data-e-type=\"section\">\n\t\t\t\t\t\t<div class=\"elementor-container elementor-column-gap-default\">\n\t\t\t\t\t<div class=\"elementor-column elementor-col-100 elementor-top-column elementor-element elementor-element-3056190\" data-id=\"3056190\" data-element_type=\"column\" data-e-type=\"column\">\n\t\t\t<div class=\"elementor-widget-wrap elementor-element-populated\">\n\t\t\t\t\t\t<div class=\"elementor-element elementor-element-ba6b625 elementor-widget elementor-widget-heading\" data-id=\"ba6b625\" data-element_type=\"widget\" data-e-type=\"widget\" data-widget_type=\"heading.default\">\n\t\t\t\t<div class=\"elementor-widget-container\">\n\t\t\t\t\t<h2 class=\"elementor-heading-title elementor-size-default\">GAUTHIER DUPERTUIS<\/h2>\t\t\t\t<\/div>\n\t\t\t\t<\/div>\n\t\t\t\t\t<\/div>\n\t\t<\/div>\n\t\t\t\t\t<\/div>\n\t\t<\/section>\n\t\t\t\t<section class=\"elementor-section elementor-top-section elementor-element elementor-element-5172289 elementor-section-boxed elementor-section-height-default elementor-section-height-default\" data-id=\"5172289\" data-element_type=\"section\" data-e-type=\"section\">\n\t\t\t\t\t\t<div class=\"elementor-container elementor-column-gap-default\">\n\t\t\t\t\t<div class=\"elementor-column elementor-col-100 elementor-top-column elementor-element elementor-element-864b816\" data-id=\"864b816\" data-element_type=\"column\" data-e-type=\"column\">\n\t\t\t<div class=\"elementor-widget-wrap elementor-element-populated\">\n\t\t\t\t\t\t<div class=\"elementor-element elementor-element-00f65b8 elementor-widget elementor-widget-image\" data-id=\"00f65b8\" data-element_type=\"widget\" data-e-type=\"widget\" data-widget_type=\"image.default\">\n\t\t\t\t<div class=\"elementor-widget-container\">\n\t\t\t\t\t\t\t\t\t\t\t\t\t\t\t\t<a href=\"https:\/\/filarmonicafaidese.ch\/faido2024\/wp-content\/uploads\/2024\/05\/Gauthier-Dupertuis.png\">\n\t\t\t\t\t\t\t<img decoding=\"async\" width=\"640\" height=\"427\" src=\"https:\/\/filarmonicafaidese.ch\/faido2024\/wp-content\/uploads\/2024\/05\/Gauthier-Dupertuis-768x512.png\" class=\"attachment-medium_large size-medium_large wp-image-5072\" alt=\"\" srcset=\"https:\/\/filarmonicafaidese.ch\/faido2024\/wp-content\/uploads\/2024\/05\/Gauthier-Dupertuis-768x512.png 768w, https:\/\/filarmonicafaidese.ch\/faido2024\/wp-content\/uploads\/2024\/05\/Gauthier-Dupertuis-300x200.png 300w, https:\/\/filarmonicafaidese.ch\/faido2024\/wp-content\/uploads\/2024\/05\/Gauthier-Dupertuis-1024x682.png 1024w, https:\/\/filarmonicafaidese.ch\/faido2024\/wp-content\/uploads\/2024\/05\/Gauthier-Dupertuis-1536x1024.png 1536w, https:\/\/filarmonicafaidese.ch\/faido2024\/wp-content\/uploads\/2024\/05\/Gauthier-Dupertuis-600x400.png 600w, https:\/\/filarmonicafaidese.ch\/faido2024\/wp-content\/uploads\/2024\/05\/Gauthier-Dupertuis.png 1886w\" sizes=\"(max-width: 640px) 100vw, 640px\" \/>\t\t\t\t\t\t\t\t<\/a>\n\t\t\t\t\t\t\t\t\t\t\t\t\t\t\t<\/div>\n\t\t\t\t<\/div>\n\t\t\t\t\t<\/div>\n\t\t<\/div>\n\t\t\t\t\t<\/div>\n\t\t<\/section>\n\t\t\t\t<section class=\"elementor-section elementor-top-section elementor-element elementor-element-daaf87c elementor-section-boxed elementor-section-height-default elementor-section-height-default\" data-id=\"daaf87c\" data-element_type=\"section\" data-e-type=\"section\">\n\t\t\t\t\t\t<div class=\"elementor-container elementor-column-gap-default\">\n\t\t\t\t\t<div class=\"elementor-column elementor-col-100 elementor-top-column elementor-element elementor-element-9b6ff3d\" data-id=\"9b6ff3d\" data-element_type=\"column\" data-e-type=\"column\">\n\t\t\t<div class=\"elementor-widget-wrap elementor-element-populated\">\n\t\t\t\t\t\t<div class=\"elementor-element elementor-element-f404ab6 elementor-widget elementor-widget-heading\" data-id=\"f404ab6\" data-element_type=\"widget\" data-e-type=\"widget\" data-widget_type=\"heading.default\">\n\t\t\t\t<div class=\"elementor-widget-container\">\n\t\t\t\t\t<h2 class=\"elementor-heading-title elementor-size-default\">Gauthier Dupertuis \u00e8 un giovane direttore d\u2018orchestra e compositore svizzero nato nel 1997. Titolare di un Master in musicologia e filosofia presso l\u2018Universit\u00e0 di Friburgo (CH), studia attualmente direzione d\u2018orchestra di fiati presso la Haute \u00c9cole de Musique de Lausanne con Jean-Claude Kolly. Ha inoltre conseguito il Diploma of Advanced Studies in direzione d\u2018orchestra presso la Haute \u00c9cole des Arts di Berna con Florian Ziemen, nonch\u00e9 il diploma in direzione di coro e orchestra di fiati presso il Conservatorio di Friburgo. Ha avuto inoltre l\u2018opportunit\u00e0 di perfezionare le sue capacit\u00e0 durante masterclass con personalit\u00e0 del mondo della direzione d\u2018orchestra come Douglas Bostock, Mark Heron e Jos\u00e9 Rafael Pascual-Vilaplana. Nel 2021 Dupertuis ha vinto il primo premio al concorso internazionale di composizione La Bacchetta d\u2018Oro. Nel 2024, il suo pezzo <i>Magdalena Bay<\/i> \u00e8 stato nominato finalista al 9\u00b0 Concorso Europeo di composizione per Brass Band. Le sue opere, prodotte dal direttore d\u2019orchestra e compositore svizzero Franco Cesarini, sono disponibili presso FC Music Publishing <font color=\"#ff0000\">\u25a0 <\/font><\/h2>\t\t\t\t<\/div>\n\t\t\t\t<\/div>\n\t\t\t\t\t<\/div>\n\t\t<\/div>\n\t\t\t\t\t<\/div>\n\t\t<\/section>\n\t\t\t\t<section class=\"elementor-section elementor-top-section elementor-element elementor-element-d9d9a69 elementor-section-boxed elementor-section-height-default elementor-section-height-default\" data-id=\"d9d9a69\" data-element_type=\"section\" data-e-type=\"section\">\n\t\t\t\t\t\t<div class=\"elementor-container elementor-column-gap-default\">\n\t\t\t\t\t<div class=\"elementor-column elementor-col-100 elementor-top-column elementor-element elementor-element-6410fc0\" data-id=\"6410fc0\" data-element_type=\"column\" data-e-type=\"column\">\n\t\t\t<div class=\"elementor-widget-wrap elementor-element-populated\">\n\t\t\t\t\t\t<div class=\"elementor-element elementor-element-574995d elementor-widget-divider--view-line elementor-widget elementor-widget-divider\" data-id=\"574995d\" data-element_type=\"widget\" data-e-type=\"widget\" data-widget_type=\"divider.default\">\n\t\t\t\t<div class=\"elementor-widget-container\">\n\t\t\t\t\t\t\t<div class=\"elementor-divider\">\n\t\t\t<span class=\"elementor-divider-separator\">\n\t\t\t\t\t\t<\/span>\n\t\t<\/div>\n\t\t\t\t\t\t<\/div>\n\t\t\t\t<\/div>\n\t\t\t\t\t<\/div>\n\t\t<\/div>\n\t\t\t\t\t<\/div>\n\t\t<\/section>\n\t\t\t\t<section class=\"elementor-section elementor-top-section elementor-element elementor-element-194dea4 elementor-section-boxed elementor-section-height-default elementor-section-height-default\" data-id=\"194dea4\" data-element_type=\"section\" data-e-type=\"section\">\n\t\t\t\t\t\t<div class=\"elementor-container elementor-column-gap-default\">\n\t\t\t\t\t<div class=\"elementor-column elementor-col-100 elementor-top-column elementor-element elementor-element-ccb4f8f\" data-id=\"ccb4f8f\" data-element_type=\"column\" data-e-type=\"column\">\n\t\t\t<div class=\"elementor-widget-wrap elementor-element-populated\">\n\t\t\t\t\t\t<div class=\"elementor-element elementor-element-0b4259b elementor-widget elementor-widget-heading\" data-id=\"0b4259b\" data-element_type=\"widget\" data-e-type=\"widget\" data-widget_type=\"heading.default\">\n\t\t\t\t<div class=\"elementor-widget-container\">\n\t\t\t\t\t<h2 class=\"elementor-heading-title elementor-size-default\">ANDREA BARIZZA<\/h2>\t\t\t\t<\/div>\n\t\t\t\t<\/div>\n\t\t\t\t\t<\/div>\n\t\t<\/div>\n\t\t\t\t\t<\/div>\n\t\t<\/section>\n\t\t\t\t<section class=\"elementor-section elementor-top-section elementor-element elementor-element-164ae60 elementor-section-boxed elementor-section-height-default elementor-section-height-default\" data-id=\"164ae60\" data-element_type=\"section\" data-e-type=\"section\">\n\t\t\t\t\t\t<div class=\"elementor-container elementor-column-gap-default\">\n\t\t\t\t\t<div class=\"elementor-column elementor-col-100 elementor-top-column elementor-element elementor-element-a136114\" data-id=\"a136114\" data-element_type=\"column\" data-e-type=\"column\">\n\t\t\t<div class=\"elementor-widget-wrap elementor-element-populated\">\n\t\t\t\t\t\t<div class=\"elementor-element elementor-element-891f95c elementor-widget elementor-widget-image\" data-id=\"891f95c\" data-element_type=\"widget\" data-e-type=\"widget\" data-widget_type=\"image.default\">\n\t\t\t\t<div class=\"elementor-widget-container\">\n\t\t\t\t\t\t\t\t\t\t\t\t\t\t\t\t<a href=\"https:\/\/filarmonicafaidese.ch\/faido2024\/wp-content\/uploads\/2024\/05\/Andrea-Barizza.png\">\n\t\t\t\t\t\t\t<img decoding=\"async\" width=\"640\" height=\"418\" src=\"https:\/\/filarmonicafaidese.ch\/faido2024\/wp-content\/uploads\/2024\/05\/Andrea-Barizza-768x501.png\" class=\"attachment-medium_large size-medium_large wp-image-5073\" alt=\"\" srcset=\"https:\/\/filarmonicafaidese.ch\/faido2024\/wp-content\/uploads\/2024\/05\/Andrea-Barizza-768x501.png 768w, https:\/\/filarmonicafaidese.ch\/faido2024\/wp-content\/uploads\/2024\/05\/Andrea-Barizza-300x196.png 300w, https:\/\/filarmonicafaidese.ch\/faido2024\/wp-content\/uploads\/2024\/05\/Andrea-Barizza-1024x668.png 1024w, https:\/\/filarmonicafaidese.ch\/faido2024\/wp-content\/uploads\/2024\/05\/Andrea-Barizza-1536x1002.png 1536w, https:\/\/filarmonicafaidese.ch\/faido2024\/wp-content\/uploads\/2024\/05\/Andrea-Barizza-368x240.png 368w, https:\/\/filarmonicafaidese.ch\/faido2024\/wp-content\/uploads\/2024\/05\/Andrea-Barizza.png 1890w\" sizes=\"(max-width: 640px) 100vw, 640px\" \/>\t\t\t\t\t\t\t\t<\/a>\n\t\t\t\t\t\t\t\t\t\t\t\t\t\t\t<\/div>\n\t\t\t\t<\/div>\n\t\t\t\t\t<\/div>\n\t\t<\/div>\n\t\t\t\t\t<\/div>\n\t\t<\/section>\n\t\t\t\t<section class=\"elementor-section elementor-top-section elementor-element elementor-element-52c7a49 elementor-section-boxed elementor-section-height-default elementor-section-height-default\" data-id=\"52c7a49\" data-element_type=\"section\" data-e-type=\"section\">\n\t\t\t\t\t\t<div class=\"elementor-container elementor-column-gap-default\">\n\t\t\t\t\t<div class=\"elementor-column elementor-col-100 elementor-top-column elementor-element elementor-element-52a6de2\" data-id=\"52a6de2\" data-element_type=\"column\" data-e-type=\"column\">\n\t\t\t<div class=\"elementor-widget-wrap elementor-element-populated\">\n\t\t\t\t\t\t<div class=\"elementor-element elementor-element-f1212fe elementor-widget elementor-widget-heading\" data-id=\"f1212fe\" data-element_type=\"widget\" data-e-type=\"widget\" data-widget_type=\"heading.default\">\n\t\t\t\t<div class=\"elementor-widget-container\">\n\t\t\t\t\t<h2 class=\"elementor-heading-title elementor-size-default\">Andrea Barizza \u00e8 direttore artistico e musicale della Dresdner Bl\u00e4serphilharmonie dalla stagione 2019\/2020. Questa nomina \u00e8 stata preceduta da quattro anni di stretta collaborazione come assistente del Direttore Principale della Dresdner Philharmonie, Michael Sanderling. Da allora Barizza si \u00e8 impegnato nella diffusione della musica contemporanea per orchestra ed ensemble di fiati e programma costantemente i pi\u00f9 affermati compositori viventi di musica sinfonica per fiati nei concerti. In questo contesto, nel 2022 ha lanciato il \"Winds Composition Contest Saxony\" che in due edizioni \u00e8 diventato il pi\u00f9 importante concorso in Europa del suo genere. Insieme alla Dresdner Bl\u00e4serphilharmonie ha commissionato \"Wreiheit\u201c ad Alessio Elia (prima mondiale il 12 marzo 2023 al Kulturpalast di Dresda sotto la sua direzione) e l\u2018imponente \"Stata Mater\u201c per coro e orchestra sinfonica di fiati di Jos\u00e9 Su\u00f1er Oriola (prima mondiale nel marzo 2024 al Kulturpalast di Dresda). Anche l\u2018opera \"Typhoon\u201c di Thorsten Wollmann \u00e8 stata eseguita in prima assoluta sotto la sua direzione (3 luglio 2023, Dresda). Recenti impegni lo portano all\u2018Orchestra Sinfonica di Milano, all\u2018Orquestra Cl\u00e1ssica da Madeira e alla Brandenburg State Orchestra Frankfurt Oder. Nel maggio 2015 ha vinto il secondo premio del \"Concorso di direzione d\u2018orchestra delle universit\u00e0 della Germania centrale\u201c e ha diretto la MDR Symphony Orchestra nel concerto dei vincitori a Weimar. \u00c8 stato borsista dell\u2018Associazione Richard Wagner e ha ricevuto dal Deutscher Musikrat la borsa di studio \"Neustart Kultur\u201c per il suo impegno nella musica per fiati. Andrea Barizza ha fondato il festival Elbklang Musikfestspiel, che dal 2025 ospiter\u00e0 regolarmente concerti ed eventi legati alla cultura della musica per fiati nel Land Sachsen e Brandenburg. Nel 2024, Andrea Barizza sar\u00e0 membro della giuria di vari concorsi di composizione e di performance strumentale <font color=\"#ff0000\">\u25a0 <\/font><\/h2>\t\t\t\t<\/div>\n\t\t\t\t<\/div>\n\t\t\t\t\t<\/div>\n\t\t<\/div>\n\t\t\t\t\t<\/div>\n\t\t<\/section>\n\t\t\t\t<\/div>\n\t\t","protected":false},"excerpt":{"rendered":"<p>MEMBRI DELLA GIURIA In questa pagina vi presentiamo i membri della giuria della 6a Festa Cantonale della Musica. Essi vantano un&#8217;ampia esperienza internazionale, cosa che ci rende molto fieri. FELIX HAUSWIRTH &#8211; Presidente della giuria Felix Hauswirth ha conseguito la laurea in direzione d\u2018orchestra e teoria presso il Conservatorio di musica di Lucerna. Nel 1983 \u00e8 stato professore ospite per&#8230;<\/p>\n","protected":false},"author":1,"featured_media":0,"parent":0,"menu_order":0,"comment_status":"closed","ping_status":"closed","template":"page-templates\/full-width-container.php","meta":{"_acf_changed":false,"footnotes":""},"class_list":["post-5069","page","type-page","status-publish","hentry"],"acf":[],"_links":{"self":[{"href":"https:\/\/filarmonicafaidese.ch\/faido2024\/wp-json\/wp\/v2\/pages\/5069","targetHints":{"allow":["GET"]}}],"collection":[{"href":"https:\/\/filarmonicafaidese.ch\/faido2024\/wp-json\/wp\/v2\/pages"}],"about":[{"href":"https:\/\/filarmonicafaidese.ch\/faido2024\/wp-json\/wp\/v2\/types\/page"}],"author":[{"embeddable":true,"href":"https:\/\/filarmonicafaidese.ch\/faido2024\/wp-json\/wp\/v2\/users\/1"}],"replies":[{"embeddable":true,"href":"https:\/\/filarmonicafaidese.ch\/faido2024\/wp-json\/wp\/v2\/comments?post=5069"}],"version-history":[{"count":16,"href":"https:\/\/filarmonicafaidese.ch\/faido2024\/wp-json\/wp\/v2\/pages\/5069\/revisions"}],"predecessor-version":[{"id":5106,"href":"https:\/\/filarmonicafaidese.ch\/faido2024\/wp-json\/wp\/v2\/pages\/5069\/revisions\/5106"}],"wp:attachment":[{"href":"https:\/\/filarmonicafaidese.ch\/faido2024\/wp-json\/wp\/v2\/media?parent=5069"}],"curies":[{"name":"wp","href":"https:\/\/api.w.org\/{rel}","templated":true}]}}